{"id":69,"date":"2021-03-21T22:16:35","date_gmt":"2021-03-21T21:16:35","guid":{"rendered":"https:\/\/www.hitziger-solutions.de\/?page_id=69"},"modified":"2021-10-19T22:45:30","modified_gmt":"2021-10-19T20:45:30","slug":"sendclipboard","status":"publish","type":"page","link":"https:\/\/www.hitziger-solutions.de\/en\/sendclipboard\/","title":{"rendered":"SendClipboard"},"content":{"rendered":"<figure class=\"wp-block-image size-full is-style-default\"><img loading=\"lazy\" decoding=\"async\" width=\"636\" height=\"244\" src=\"https:\/\/www.hitziger-solutions.de\/wp-content\/uploads\/2021\/03\/SendClipboard-1.png\" alt=\"Screenshot von SenClipboard\" class=\"wp-image-70\" srcset=\"https:\/\/www.hitziger-solutions.de\/wp-content\/uploads\/2021\/03\/SendClipboard-1.png 636w, https:\/\/www.hitziger-solutions.de\/wp-content\/uploads\/2021\/03\/SendClipboard-1-300x115.png 300w, https:\/\/www.hitziger-solutions.de\/wp-content\/uploads\/2021\/03\/SendClipboard-1-324x124.png 324w, https:\/\/www.hitziger-solutions.de\/wp-content\/uploads\/2021\/03\/SendClipboard-1-416x160.png 416w\" sizes=\"auto, (max-width: 636px) 100vw, 636px\" \/><\/figure>\n\n\n\n<p>You have to log in to Windows login with VNC, but CTRL + V does not work at this point? Or is the clipboard deactivated for remote maintenance? Or the URL for the necessary download cannot be copied to remote maintenance? Do you have to enter all of this now?<br>No! SendClipboard can be used to copy the text from the clipboard into the corresponding text field. No clipboard functions are used to paste the text. This is also possible if pasting from the clipboard is blocked or not possible. You can define the shortcut used for this yourself.<\/p>\n\n\n\n<p>Features:<br>\u2013 freely definable shortcuts<br>\u2013 Pasting text from the clipboard, even in places where pasting from the clipboard is deactivated<br>\u2013 Inserting predefined text<br>\u2013 Starting programs or scripts <\/p>\n\n\n\n<p>The program is available in German and English.<\/p>\n\n\n\n<p>The best for last. You can test the program for 14 days free of charge without any restrictions. <br>After this period you need a license.<\/p>\n\n\n\n<p><a href=\"https:\/\/www.hitziger-solutions.de\/en\/download\/\">Free download<\/a><\/p>\n\n\n\n<p><a href=\"https:\/\/www.hitziger-solutions.de\/en\/?product=sendclipboard-freischaltung\">Buy a key<\/a><\/p>","protected":false},"excerpt":{"rendered":"<p>Sie m\u00fcssen sich beim Windows Login mit VNC einloggen, aber STRG+V funktioniert an der Stelle nicht? Oder bei einer Fernwartung ist die Zwischenablage deaktiviert? Oder die URL f\u00fcr den notwendigen Download l\u00e4sst sich nicht in die Fernwartung kopieren? M\u00fcssen Sie das alles jetzt eingeben?Nein! Mit SendClipboard kann der Text aus der Zwischenablage in das entsprechende [&hellip;]<\/p>\n","protected":false},"author":1,"featured_media":0,"parent":0,"menu_order":0,"comment_status":"closed","ping_status":"closed","template":"","meta":{"footnotes":""},"class_list":["post-69","page","type-page","status-publish","hentry"],"_links":{"self":[{"href":"https:\/\/www.hitziger-solutions.de\/en\/wp-json\/wp\/v2\/pages\/69","targetHints":{"allow":["GET"]}}],"collection":[{"href":"https:\/\/www.hitziger-solutions.de\/en\/wp-json\/wp\/v2\/pages"}],"about":[{"href":"https:\/\/www.hitziger-solutions.de\/en\/wp-json\/wp\/v2\/types\/page"}],"author":[{"embeddable":true,"href":"https:\/\/www.hitziger-solutions.de\/en\/wp-json\/wp\/v2\/users\/1"}],"replies":[{"embeddable":true,"href":"https:\/\/www.hitziger-solutions.de\/en\/wp-json\/wp\/v2\/comments?post=69"}],"version-history":[{"count":6,"href":"https:\/\/www.hitziger-solutions.de\/en\/wp-json\/wp\/v2\/pages\/69\/revisions"}],"predecessor-version":[{"id":192,"href":"https:\/\/www.hitziger-solutions.de\/en\/wp-json\/wp\/v2\/pages\/69\/revisions\/192"}],"wp:attachment":[{"href":"https:\/\/www.hitziger-solutions.de\/en\/wp-json\/wp\/v2\/media?parent=69"}],"curies":[{"name":"wp","href":"https:\/\/api.w.org\/{rel}","templated":true}]}}