{"id":159,"date":"2021-05-27T22:37:59","date_gmt":"2021-05-27T20:37:59","guid":{"rendered":"https:\/\/www.hitziger-solutions.de\/?page_id=159"},"modified":"2026-01-07T15:52:50","modified_gmt":"2026-01-07T14:52:50","slug":"dshelper","status":"publish","type":"page","link":"https:\/\/www.hitziger-solutions.de\/en\/dshelper\/","title":{"rendered":"DSHelper"},"content":{"rendered":"<figure class=\"wp-block-gallery has-nested-images columns-default is-cropped wp-block-gallery-1 is-layout-flex wp-block-gallery-is-layout-flex\">\n<figure class=\"wp-block-image size-full is-style-default\"><img loading=\"lazy\" decoding=\"async\" width=\"1177\" height=\"674\" data-id=\"647\" src=\"https:\/\/www.hitziger-solutions.de\/wp-content\/uploads\/2026\/01\/DSHelper_english.png\" alt=\"\" class=\"wp-image-647\" srcset=\"https:\/\/www.hitziger-solutions.de\/wp-content\/uploads\/2026\/01\/DSHelper_english.png 1176w, https:\/\/www.hitziger-solutions.de\/wp-content\/uploads\/2026\/01\/DSHelper_english-300x172.png 300w, https:\/\/www.hitziger-solutions.de\/wp-content\/uploads\/2026\/01\/DSHelper_english-1024x589.png 1024w, https:\/\/www.hitziger-solutions.de\/wp-content\/uploads\/2026\/01\/DSHelper_english-768x441.png 768w, https:\/\/www.hitziger-solutions.de\/wp-content\/uploads\/2026\/01\/DSHelper_english-18x10.png 18w, https:\/\/www.hitziger-solutions.de\/wp-content\/uploads\/2026\/01\/DSHelper_english-324x186.png 324w, https:\/\/www.hitziger-solutions.de\/wp-content\/uploads\/2026\/01\/DSHelper_english-416x239.png 416w\" sizes=\"auto, (max-width: 1177px) 100vw, 1177px\" \/><\/figure>\n<\/figure>\n\n\n\n<p>DSHelper allows you to conveniently control the dedicated server for the<a href=\"http:\/\/www.condorsoaring.com\/\" target=\"_blank\" rel=\"noreferrer noopener\"> Condor Soaring Simulator<\/a> . Many processes can be automated, and hosting competitions is seamless with DSHelper.<\/p>\n\n\n\n<p>Features:<\/p>\n\n\n\n<ul class=\"wp-block-list\">\n<li>Automatic flight start<\/li>\n\n\n\n<li>Automated, fully customizable text messages<\/li>\n\n\n\n<li>Server management with extended settings<\/li>\n\n\n\n<li> Reset \"Stopjoin\" upon first user connection<\/li>\n\n\n\n<li>Copy competition results to a separate directory<\/li>\n\n\n\n<li>Support for official and alternative server lists<\/li>\n\n\n\n<li>Save log files<\/li>\n\n\n\n<li>Upload logs and competition results<\/li>\n\n\n\n<li>Statistics for completed flights<\/li>\n\n\n\n<li>Comprehensive task scheduling<\/li>\n\n\n\n<li>Override task parameters<\/li>\n\n\n\n<li>Run flights once or in a loop<\/li>\n\n\n\n<li>Event responses: send text, execute local files, or call a URL<\/li>\n\n\n\n<li>&#8230;. <\/li>\n<\/ul>\n\n\n\n<p>The program is available in the following languages:<\/p>\n\n\n\n<ul class=\"wp-block-list\">\n<li>German<\/li>\n\n\n\n<li>English<\/li>\n\n\n\n<li>French<\/li>\n\n\n\n<li>Italian<\/li>\n\n\n\n<li>Dutch<\/li>\n\n\n\n<li>Polish<\/li>\n\n\n\n<li>Spanish<\/li>\n\n\n\n<li>Czech<br><br><a href=\"https:\/\/www.hitziger-solutions.de\/en\/download\/\">Free download<\/a><\/li>\n<\/ul>","protected":false},"excerpt":{"rendered":"<p>Mit DSHelper l\u00e4sst sich der dedicated Server vom Condor Soaring Simulator bequem steuern. Viele Abl\u00e4ufe lassen sich automatisieren. Die Durchf\u00fchrung von Wettk\u00e4mpfen l\u00e4sst sich mit DSHelper problemlos verwirklichen. M\u00f6glichkeiten: Das Programm ist in den folgenden Sprachen verf\u00fcgbar:<\/p>","protected":false},"author":1,"featured_media":0,"parent":0,"menu_order":0,"comment_status":"closed","ping_status":"closed","template":"","meta":{"footnotes":""},"class_list":["post-159","page","type-page","status-publish","hentry"],"_links":{"self":[{"href":"https:\/\/www.hitziger-solutions.de\/en\/wp-json\/wp\/v2\/pages\/159","targetHints":{"allow":["GET"]}}],"collection":[{"href":"https:\/\/www.hitziger-solutions.de\/en\/wp-json\/wp\/v2\/pages"}],"about":[{"href":"https:\/\/www.hitziger-solutions.de\/en\/wp-json\/wp\/v2\/types\/page"}],"author":[{"embeddable":true,"href":"https:\/\/www.hitziger-solutions.de\/en\/wp-json\/wp\/v2\/users\/1"}],"replies":[{"embeddable":true,"href":"https:\/\/www.hitziger-solutions.de\/en\/wp-json\/wp\/v2\/comments?post=159"}],"version-history":[{"count":9,"href":"https:\/\/www.hitziger-solutions.de\/en\/wp-json\/wp\/v2\/pages\/159\/revisions"}],"predecessor-version":[{"id":650,"href":"https:\/\/www.hitziger-solutions.de\/en\/wp-json\/wp\/v2\/pages\/159\/revisions\/650"}],"wp:attachment":[{"href":"https:\/\/www.hitziger-solutions.de\/en\/wp-json\/wp\/v2\/media?parent=159"}],"curies":[{"name":"wp","href":"https:\/\/api.w.org\/{rel}","templated":true}]}}