{"id":13,"date":"2021-03-17T13:56:42","date_gmt":"2021-03-17T12:56:42","guid":{"rendered":"https:\/\/hitziger-solutions.de\/?page_id=13"},"modified":"2021-03-17T22:12:52","modified_gmt":"2021-03-17T21:12:52","slug":"widerrufsbelehrung","status":"publish","type":"page","link":"https:\/\/www.hitziger-solutions.de\/en\/widerrufsbelehrung\/","title":{"rendered":"Right of withdrawal"},"content":{"rendered":"<h3>Right of withdrawal<\/h3>\n<p>(A consumer is any natural person who concludes a legal transaction for purposes that are predominantly neither commercial nor their independent professional activity.)<\/p>\n<h1>Right of withdrawal<\/h1>\n<h3>Right of withdrawal<\/h3>\n<p>You have the right to cancel this contract within fourteen days without giving any reason.<\/p>\n<p>The cancellation period is fourteen days from the day the contract is concluded.<\/p>\n<p>In order to exercise your right of withdrawal, you must send a clear declaration to us (Thomas Hitziger Software, Hauptstra\u00dfe 170, Germany, telephone number: 017693591974, email address: thomas@hitziger.net) (e.g. a letter sent by post, email ) of your decision to withdraw from this contract. You can use the attached model withdrawal form for this purpose, but this is not mandatory.<\/p>\n<p>In order to meet the withdrawal deadline, it is sufficient for you to send your notification of exercising your right of withdrawal before the withdrawal period has expired.<\/p>\n<h3>Consequences of withdrawal<\/h3>\n<p>If you withdraw from this contract, we will have given you all payments that we have received from you, including delivery costs (with the exception of the additional costs that result from choosing a different type of delivery than the cheapest standard delivery offered by us have), to be repaid immediately and at the latest within fourteen days from the day on which we received notification of your cancellation of this contract. For this repayment, we will use the same means of payment that you used for the original transaction, unless something else was expressly agreed with you; In no case will you be charged any fees for this repayment.<\/p>\n<h2>Model withdrawal form<\/h2>\n<p>(If you want to cancel the contract, please fill out this form and send it back.)<\/p>\n<p>\u2013 To<\/p>\n<p>Thomas Hitziger Software, Hauptstrasse 170, Germany, telephone number: 017693591974, email address: thomas@hitziger.net<\/p>\n<p>\u2013 I \/ we (*) hereby revoke the contract concluded by me \/ us (*) for the purchase of the following goods (*) \/ the provision of the following service (*)<\/p>\n<p>\u2013 Ordered on (*) \/ received on (*)<\/p>\n<p>\u2013 Name of the consumer (s)<\/p>\n<p>\u2013 Address of the consumer (s)<\/p>\n<p>\u2013 Signature of the consumer (s) (only when notified on paper)<\/p>\n<p>\u2013 Date<\/p>\n<p>___________<br \/>\n(*) Delete where inapplicable.<\/p>","protected":false},"excerpt":{"rendered":"<p>Widerrufsrecht f\u00fcr Verbraucher (Verbraucher ist jede nat\u00fcrliche Person, die ein Rechtsgesch\u00e4ft zu Zwecken abschlie\u00dft, die \u00fcberwiegend weder ihrer gewerblichen noch ihrer selbstst\u00e4ndigen beruflichen T\u00e4tigkeit zugerechnet werden kann.) Widerrufsbelehrung Widerrufsrecht Sie haben das Recht, binnen vierzehn Tagen ohne Angabe von Gr\u00fcnden diesen Vertrag zu widerrufen. Die Widerrufsfrist betr\u00e4gt vierzehn Tage ab dem Tag des Vertragsabschlusses. Um [&hellip;]<\/p>\n","protected":false},"author":1,"featured_media":0,"parent":0,"menu_order":0,"comment_status":"closed","ping_status":"closed","template":"","meta":{"footnotes":""},"class_list":["post-13","page","type-page","status-publish","hentry"],"_links":{"self":[{"href":"https:\/\/www.hitziger-solutions.de\/en\/wp-json\/wp\/v2\/pages\/13","targetHints":{"allow":["GET"]}}],"collection":[{"href":"https:\/\/www.hitziger-solutions.de\/en\/wp-json\/wp\/v2\/pages"}],"about":[{"href":"https:\/\/www.hitziger-solutions.de\/en\/wp-json\/wp\/v2\/types\/page"}],"author":[{"embeddable":true,"href":"https:\/\/www.hitziger-solutions.de\/en\/wp-json\/wp\/v2\/users\/1"}],"replies":[{"embeddable":true,"href":"https:\/\/www.hitziger-solutions.de\/en\/wp-json\/wp\/v2\/comments?post=13"}],"version-history":[{"count":1,"href":"https:\/\/www.hitziger-solutions.de\/en\/wp-json\/wp\/v2\/pages\/13\/revisions"}],"predecessor-version":[{"id":43,"href":"https:\/\/www.hitziger-solutions.de\/en\/wp-json\/wp\/v2\/pages\/13\/revisions\/43"}],"wp:attachment":[{"href":"https:\/\/www.hitziger-solutions.de\/en\/wp-json\/wp\/v2\/media?parent=13"}],"curies":[{"name":"wp","href":"https:\/\/api.w.org\/{rel}","templated":true}]}}