{"id":104,"date":"2021-04-01T22:46:35","date_gmt":"2021-04-01T20:46:35","guid":{"rendered":"https:\/\/www.hitziger-solutions.de\/?page_id=104"},"modified":"2023-03-29T21:39:29","modified_gmt":"2023-03-29T19:39:29","slug":"oltools-outlook-plugin","status":"publish","type":"page","link":"https:\/\/www.hitziger-solutions.de\/en\/oltools-outlook-plugin\/","title":{"rendered":"OLTools Outlook Plugin"},"content":{"rendered":"<figure class=\"wp-block-image size-large is-style-default\"><img loading=\"lazy\" decoding=\"async\" width=\"791\" height=\"272\" src=\"https:\/\/www.hitziger-solutions.de\/wp-content\/uploads\/2021\/04\/OLTools_Settings1.png\" alt=\"\" class=\"wp-image-123\" srcset=\"https:\/\/www.hitziger-solutions.de\/wp-content\/uploads\/2021\/04\/OLTools_Settings1.png 791w, https:\/\/www.hitziger-solutions.de\/wp-content\/uploads\/2021\/04\/OLTools_Settings1-300x103.png 300w, https:\/\/www.hitziger-solutions.de\/wp-content\/uploads\/2021\/04\/OLTools_Settings1-768x264.png 768w, https:\/\/www.hitziger-solutions.de\/wp-content\/uploads\/2021\/04\/OLTools_Settings1-324x111.png 324w, https:\/\/www.hitziger-solutions.de\/wp-content\/uploads\/2021\/04\/OLTools_Settings1-416x143.png 416w\" sizes=\"auto, (max-width: 791px) 100vw, 791px\" \/><\/figure>\n\n\n\n<p>Mit OLTools Outlook Plugin k\u00f6nnen Sie sich \u00fcber neue Elemente benachrichtigen lassen, selbst wenn es nicht der eigene Posteingang ist. So ist es zum Beispiel m\u00f6glich Tray Benachrichtigungen anzeigen zu lassen, wenn ein neues Element in einem \u00f6ffentlichen Ordner ankommt.\u00a0 Zus\u00e4tzlich dazu k\u00f6nnen Sie sich in selbst definierten Abst\u00e4nden \u00fcber ungelesene Elemente benachrichtigen lassen.<br>Now new - you can now generate an appointment from an email. This means that an email can simply be postponed.<\/p>\n\n\n\n<p>You can use the Windows tray notification system or use an alternative solution. These alternative tray notifications also work with passed Citrix apps.<\/p>\n\n\n\n<p>Features:<br>\u2013 Notification of new items in any folder<br>\u2013 Notification of unread items in any folder<br>\u2013 Appointments from e-mail to a pre-defined calendar <br>\u2013 Use of the Windows tray system or an alternative system<br>\u2013 with the alternative notification system, a click on the notification opens the corresponding e-mail<br>\u2013 Play a sound when new elements arrive<\/p>\n\n\n\n<p>The plugin is currently only available in German. English will follow shortly.<\/p>\n\n\n\n<p>The best for last. You can test the program for 14 days free of charge without any restrictions. <br>After this period you need a license.<\/p>\n\n\n\n<p><a href=\"https:\/\/www.hitziger-solutions.de\/en\/download\/\">Free download<\/a><\/p>\n\n\n\n<p><a href=\"https:\/\/www.hitziger-solutions.de\/en\/product\/oltools-lizenz\/\">Buy a key<\/a><\/p>","protected":false},"excerpt":{"rendered":"<p>Mit OLTools Outlook Plugin k\u00f6nnen Sie sich \u00fcber neue Elemente benachrichtigen lassen, selbst wenn es nicht der eigene Posteingang ist. So ist es zum Beispiel m\u00f6glich Tray Benachrichtigungen anzeigen zu lassen, wenn ein neues Element in einem \u00f6ffentlichen Ordner ankommt.\u00a0 Zus\u00e4tzlich dazu k\u00f6nnen Sie sich in selbst definierten Abst\u00e4nden \u00fcber ungelesene Elemente benachrichtigen lassen.Jetzt neu [&hellip;]<\/p>\n","protected":false},"author":1,"featured_media":0,"parent":0,"menu_order":0,"comment_status":"closed","ping_status":"closed","template":"","meta":{"footnotes":""},"class_list":["post-104","page","type-page","status-publish","hentry"],"_links":{"self":[{"href":"https:\/\/www.hitziger-solutions.de\/en\/wp-json\/wp\/v2\/pages\/104","targetHints":{"allow":["GET"]}}],"collection":[{"href":"https:\/\/www.hitziger-solutions.de\/en\/wp-json\/wp\/v2\/pages"}],"about":[{"href":"https:\/\/www.hitziger-solutions.de\/en\/wp-json\/wp\/v2\/types\/page"}],"author":[{"embeddable":true,"href":"https:\/\/www.hitziger-solutions.de\/en\/wp-json\/wp\/v2\/users\/1"}],"replies":[{"embeddable":true,"href":"https:\/\/www.hitziger-solutions.de\/en\/wp-json\/wp\/v2\/comments?post=104"}],"version-history":[{"count":8,"href":"https:\/\/www.hitziger-solutions.de\/en\/wp-json\/wp\/v2\/pages\/104\/revisions"}],"predecessor-version":[{"id":247,"href":"https:\/\/www.hitziger-solutions.de\/en\/wp-json\/wp\/v2\/pages\/104\/revisions\/247"}],"wp:attachment":[{"href":"https:\/\/www.hitziger-solutions.de\/en\/wp-json\/wp\/v2\/media?parent=104"}],"curies":[{"name":"wp","href":"https:\/\/api.w.org\/{rel}","templated":true}]}}